{"id":159,"date":"2025-04-09T00:37:31","date_gmt":"2025-04-08T22:37:31","guid":{"rendered":"http:\/\/mq4-pro.ma\/?post_type=product&#038;p=159"},"modified":"2025-04-09T00:37:32","modified_gmt":"2025-04-08T22:37:32","slug":"youtube-premium","status":"publish","type":"product","link":"https:\/\/mq4-pro.ma\/index.php\/produit\/youtube-premium\/","title":{"rendered":"YouTube Premium"},"content":{"rendered":"<div dir=\"auto\">YouTube Premium vous offre une exp\u00e9rience sans publicit\u00e9 sur toutes les vid\u00e9os et sur YouTube Music.<\/div>\n<div dir=\"auto\">Fini les interruptions pendant vos vid\u00e9os pr\u00e9f\u00e9r\u00e9es, les tutoriels, les vlogs ou les documentaires.<\/div>\n<div dir=\"auto\">Vous pouvez \u00e9couter de la musique ou regarder du contenu m\u00eame en arri\u00e8re-plan ou lorsque votre \u00e9cran est verrouill\u00e9.<\/div>\n<div dir=\"auto\">YouTube Premium vous permet \u00e9galement de t\u00e9l\u00e9charger vos vid\u00e9os pr\u00e9f\u00e9r\u00e9es pour les visionner hors ligne \u00e0 tout moment.<\/div>\n<div dir=\"auto\">Profitez \u00e9galement de YouTube Originals : des s\u00e9ries et films exclusifs produits par YouTube.<\/div>\n<div dir=\"auto\">Un abonnement unique pour profiter d\u2019un contenu illimit\u00e9 et sans tracas sur tous vos appareils.<\/div>\n","protected":false},"excerpt":{"rendered":"<p>YouTube Premium vous offre une exp\u00e9rience sans publicit\u00e9 sur toutes les vid\u00e9os et sur YouTube Music. Fini les interruptions pendant vos vid\u00e9os pr\u00e9f\u00e9r\u00e9es, les tutoriels, les vlogs ou les documentaires. Vous pouvez \u00e9couter de la musique ou regarder du contenu m\u00eame en arri\u00e8re-plan ou lorsque votre \u00e9cran est verrouill\u00e9. YouTube Premium vous permet \u00e9galement de [&hellip;]<\/p>\n","protected":false},"featured_media":160,"template":"","meta":{"saved_in_kubio":false},"product_brand":[],"product_cat":[15],"product_tag":[],"class_list":{"0":"post-159","1":"product","2":"type-product","3":"status-publish","4":"has-post-thumbnail","6":"product_cat-non-classe","8":"first","9":"instock","10":"shipping-taxable","11":"purchasable","12":"product-type-simple"},"_links":{"self":[{"href":"https:\/\/mq4-pro.ma\/index.php\/wp-json\/wp\/v2\/product\/159","targetHints":{"allow":["GET"]}}],"collection":[{"href":"https:\/\/mq4-pro.ma\/index.php\/wp-json\/wp\/v2\/product"}],"about":[{"href":"https:\/\/mq4-pro.ma\/index.php\/wp-json\/wp\/v2\/types\/product"}],"wp:featuredmedia":[{"embeddable":true,"href":"https:\/\/mq4-pro.ma\/index.php\/wp-json\/wp\/v2\/media\/160"}],"wp:attachment":[{"href":"https:\/\/mq4-pro.ma\/index.php\/wp-json\/wp\/v2\/media?parent=159"}],"wp:term":[{"taxonomy":"product_brand","embeddable":true,"href":"https:\/\/mq4-pro.ma\/index.php\/wp-json\/wp\/v2\/product_brand?post=159"},{"taxonomy":"product_cat","embeddable":true,"href":"https:\/\/mq4-pro.ma\/index.php\/wp-json\/wp\/v2\/product_cat?post=159"},{"taxonomy":"product_tag","embeddable":true,"href":"https:\/\/mq4-pro.ma\/index.php\/wp-json\/wp\/v2\/product_tag?post=159"}],"curies":[{"name":"wp","href":"https:\/\/api.w.org\/{rel}","templated":true}]}}