{"id":170,"date":"2025-04-09T00:56:19","date_gmt":"2025-04-08T22:56:19","guid":{"rendered":"http:\/\/mq4-pro.ma\/?post_type=product&#038;p=170"},"modified":"2025-04-09T00:56:20","modified_gmt":"2025-04-08T22:56:20","slug":"microsoft-365","status":"publish","type":"product","link":"https:\/\/mq4-pro.ma\/index.php\/produit\/microsoft-365\/","title":{"rendered":"Microsoft 365"},"content":{"rendered":"<div dir=\"auto\">Microsoft 365 est la solution bureautique compl\u00e8te pour travailler, collaborer et stocker vos donn\u00e9es en toute s\u00e9curit\u00e9.<\/div>\n<div dir=\"auto\">Il comprend des applications populaires comme Word, Excel, PowerPoint, Outlook, OneNote et plus encore.<\/div>\n<div dir=\"auto\">Gr\u00e2ce \u00e0 OneDrive, b\u00e9n\u00e9ficiez d\u2019un stockage cloud de 1 To pour sauvegarder et acc\u00e9der \u00e0 vos fichiers partout.<\/div>\n<div dir=\"auto\">Collaborez en temps r\u00e9el avec vos coll\u00e8gues ou camarades sur un m\u00eame document.<\/div>\n<div dir=\"auto\">Compatible avec Windows, macOS, Android et iOS.<\/div>\n<div dir=\"auto\">Parfait pour les \u00e9tudiants, les professionnels et les entreprises.<\/div>\n<div dir=\"auto\">Microsoft 365, c\u2019est la productivit\u00e9 sans limites.<\/div>\n<div dir=\"auto\"><\/div>\n","protected":false},"excerpt":{"rendered":"<p>Microsoft 365 est la solution bureautique compl\u00e8te pour travailler, collaborer et stocker vos donn\u00e9es en toute s\u00e9curit\u00e9. Il comprend des applications populaires comme Word, Excel, PowerPoint, Outlook, OneNote et plus encore. Gr\u00e2ce \u00e0 OneDrive, b\u00e9n\u00e9ficiez d\u2019un stockage cloud de 1 To pour sauvegarder et acc\u00e9der \u00e0 vos fichiers partout. Collaborez en temps r\u00e9el avec vos [&hellip;]<\/p>\n","protected":false},"featured_media":171,"template":"","meta":{"saved_in_kubio":false},"product_brand":[],"product_cat":[15],"product_tag":[],"class_list":{"0":"post-170","1":"product","2":"type-product","3":"status-publish","4":"has-post-thumbnail","6":"product_cat-non-classe","8":"first","9":"instock","10":"shipping-taxable","11":"purchasable","12":"product-type-simple"},"_links":{"self":[{"href":"https:\/\/mq4-pro.ma\/index.php\/wp-json\/wp\/v2\/product\/170","targetHints":{"allow":["GET"]}}],"collection":[{"href":"https:\/\/mq4-pro.ma\/index.php\/wp-json\/wp\/v2\/product"}],"about":[{"href":"https:\/\/mq4-pro.ma\/index.php\/wp-json\/wp\/v2\/types\/product"}],"wp:featuredmedia":[{"embeddable":true,"href":"https:\/\/mq4-pro.ma\/index.php\/wp-json\/wp\/v2\/media\/171"}],"wp:attachment":[{"href":"https:\/\/mq4-pro.ma\/index.php\/wp-json\/wp\/v2\/media?parent=170"}],"wp:term":[{"taxonomy":"product_brand","embeddable":true,"href":"https:\/\/mq4-pro.ma\/index.php\/wp-json\/wp\/v2\/product_brand?post=170"},{"taxonomy":"product_cat","embeddable":true,"href":"https:\/\/mq4-pro.ma\/index.php\/wp-json\/wp\/v2\/product_cat?post=170"},{"taxonomy":"product_tag","embeddable":true,"href":"https:\/\/mq4-pro.ma\/index.php\/wp-json\/wp\/v2\/product_tag?post=170"}],"curies":[{"name":"wp","href":"https:\/\/api.w.org\/{rel}","templated":true}]}}