{"id":172,"date":"2025-04-09T00:58:16","date_gmt":"2025-04-08T22:58:16","guid":{"rendered":"http:\/\/mq4-pro.ma\/?post_type=product&#038;p=172"},"modified":"2025-04-09T01:15:10","modified_gmt":"2025-04-08T23:15:10","slug":"adobe-creative-cloud","status":"publish","type":"product","link":"https:\/\/mq4-pro.ma\/index.php\/produit\/adobe-creative-cloud\/","title":{"rendered":"Adobe Creative Cloud"},"content":{"rendered":"<div dir=\"auto\">Adobe Creative Cloud est la suite incontournable pour les cr\u00e9ateurs de contenu visuel, sonore et interactif.<\/div>\n<div dir=\"auto\">Elle regroupe plus de 20 applications professionnelles comme Photoshop, Illustrator, Premiere Pro, After Effects, InDesign, et bien d&rsquo;autres.<\/div>\n<div dir=\"auto\">Id\u00e9ale pour le design graphique, la retouche photo, le montage vid\u00e9o, l\u2019animation et le web design.<\/div>\n<div dir=\"auto\">Acc\u00e9dez \u00e0 des biblioth\u00e8ques de ressources, des polices Adobe Fonts et un espace cloud pour sauvegarder vos projets.<\/div>\n<div dir=\"auto\">Gr\u00e2ce aux mises \u00e0 jour r\u00e9guli\u00e8res, vous b\u00e9n\u00e9ficiez des derni\u00e8res fonctionnalit\u00e9s et innovations Adobe.<\/div>\n<div dir=\"auto\">Creative Cloud est compatible sur PC, Mac et propose aussi des apps mobiles.<\/div>\n<div dir=\"auto\">Une solution puissante pour les artistes, designers, vid\u00e9astes et marketeurs.<\/div>\n<div dir=\"auto\"><\/div>\n","protected":false},"excerpt":{"rendered":"<p>Adobe Creative Cloud est la suite incontournable pour les cr\u00e9ateurs de contenu visuel, sonore et interactif. Elle regroupe plus de 20 applications professionnelles comme Photoshop, Illustrator, Premiere Pro, After Effects, InDesign, et bien d&rsquo;autres. Id\u00e9ale pour le design graphique, la retouche photo, le montage vid\u00e9o, l\u2019animation et le web design. Acc\u00e9dez \u00e0 des biblioth\u00e8ques de [&hellip;]<\/p>\n","protected":false},"featured_media":173,"template":"","meta":{"saved_in_kubio":false},"product_brand":[],"product_cat":[15],"product_tag":[],"class_list":{"0":"post-172","1":"product","2":"type-product","3":"status-publish","4":"has-post-thumbnail","6":"product_cat-non-classe","8":"first","9":"instock","10":"virtual","11":"purchasable","12":"product-type-simple"},"_links":{"self":[{"href":"https:\/\/mq4-pro.ma\/index.php\/wp-json\/wp\/v2\/product\/172","targetHints":{"allow":["GET"]}}],"collection":[{"href":"https:\/\/mq4-pro.ma\/index.php\/wp-json\/wp\/v2\/product"}],"about":[{"href":"https:\/\/mq4-pro.ma\/index.php\/wp-json\/wp\/v2\/types\/product"}],"wp:featuredmedia":[{"embeddable":true,"href":"https:\/\/mq4-pro.ma\/index.php\/wp-json\/wp\/v2\/media\/173"}],"wp:attachment":[{"href":"https:\/\/mq4-pro.ma\/index.php\/wp-json\/wp\/v2\/media?parent=172"}],"wp:term":[{"taxonomy":"product_brand","embeddable":true,"href":"https:\/\/mq4-pro.ma\/index.php\/wp-json\/wp\/v2\/product_brand?post=172"},{"taxonomy":"product_cat","embeddable":true,"href":"https:\/\/mq4-pro.ma\/index.php\/wp-json\/wp\/v2\/product_cat?post=172"},{"taxonomy":"product_tag","embeddable":true,"href":"https:\/\/mq4-pro.ma\/index.php\/wp-json\/wp\/v2\/product_tag?post=172"}],"curies":[{"name":"wp","href":"https:\/\/api.w.org\/{rel}","templated":true}]}}