{"id":174,"date":"2025-04-09T01:00:27","date_gmt":"2025-04-08T23:00:27","guid":{"rendered":"http:\/\/mq4-pro.ma\/?post_type=product&#038;p=174"},"modified":"2025-04-09T01:14:32","modified_gmt":"2025-04-08T23:14:32","slug":"nordvpn","status":"publish","type":"product","link":"https:\/\/mq4-pro.ma\/index.php\/produit\/nordvpn\/","title":{"rendered":"NordVPN"},"content":{"rendered":"<div dir=\"auto\">NordVPN est un service de r\u00e9seau priv\u00e9 virtuel qui garantit la confidentialit\u00e9 et la s\u00e9curit\u00e9 de vos activit\u00e9s en ligne.<\/div>\n<div dir=\"auto\">Il chiffre votre connexion Internet et masque votre adresse IP, vous permettant de naviguer de mani\u00e8re anonyme.<\/div>\n<div dir=\"auto\">Avec plus de 5500 serveurs dans plus de 60 pays, acc\u00e9dez \u00e0 du contenu restreint g\u00e9ographiquement (comme Netflix US).<\/div>\n<div dir=\"auto\">Prot\u00e9gez-vous contre les cyberattaques, le suivi en ligne, et les Wi-Fi publics non s\u00e9curis\u00e9s.<\/div>\n<div dir=\"auto\">NordVPN est facile \u00e0 utiliser et fonctionne sur tous vos appareils (Windows, Mac, Android, iOS, Linux, routeurs).<\/div>\n<div dir=\"auto\">Une interface intuitive, une connexion rapide et un support client 24\/7.<\/div>\n<div dir=\"auto\">L\u2019outil id\u00e9al pour prot\u00e9ger votre vie num\u00e9rique.<\/div>\n<div dir=\"auto\"><\/div>\n","protected":false},"excerpt":{"rendered":"<p>NordVPN est un service de r\u00e9seau priv\u00e9 virtuel qui garantit la confidentialit\u00e9 et la s\u00e9curit\u00e9 de vos activit\u00e9s en ligne. Il chiffre votre connexion Internet et masque votre adresse IP, vous permettant de naviguer de mani\u00e8re anonyme. Avec plus de 5500 serveurs dans plus de 60 pays, acc\u00e9dez \u00e0 du contenu restreint g\u00e9ographiquement (comme Netflix [&hellip;]<\/p>\n","protected":false},"featured_media":175,"template":"","meta":{"saved_in_kubio":false},"product_brand":[],"product_cat":[15],"product_tag":[],"class_list":{"0":"post-174","1":"product","2":"type-product","3":"status-publish","4":"has-post-thumbnail","6":"product_cat-non-classe","8":"first","9":"instock","10":"shipping-taxable","11":"purchasable","12":"product-type-simple"},"_links":{"self":[{"href":"https:\/\/mq4-pro.ma\/index.php\/wp-json\/wp\/v2\/product\/174","targetHints":{"allow":["GET"]}}],"collection":[{"href":"https:\/\/mq4-pro.ma\/index.php\/wp-json\/wp\/v2\/product"}],"about":[{"href":"https:\/\/mq4-pro.ma\/index.php\/wp-json\/wp\/v2\/types\/product"}],"wp:featuredmedia":[{"embeddable":true,"href":"https:\/\/mq4-pro.ma\/index.php\/wp-json\/wp\/v2\/media\/175"}],"wp:attachment":[{"href":"https:\/\/mq4-pro.ma\/index.php\/wp-json\/wp\/v2\/media?parent=174"}],"wp:term":[{"taxonomy":"product_brand","embeddable":true,"href":"https:\/\/mq4-pro.ma\/index.php\/wp-json\/wp\/v2\/product_brand?post=174"},{"taxonomy":"product_cat","embeddable":true,"href":"https:\/\/mq4-pro.ma\/index.php\/wp-json\/wp\/v2\/product_cat?post=174"},{"taxonomy":"product_tag","embeddable":true,"href":"https:\/\/mq4-pro.ma\/index.php\/wp-json\/wp\/v2\/product_tag?post=174"}],"curies":[{"name":"wp","href":"https:\/\/api.w.org\/{rel}","templated":true}]}}