{"id":177,"date":"2025-04-09T01:01:29","date_gmt":"2025-04-08T23:01:29","guid":{"rendered":"http:\/\/mq4-pro.ma\/?post_type=product&#038;p=177"},"modified":"2025-04-09T01:15:53","modified_gmt":"2025-04-08T23:15:53","slug":"canva-pro","status":"publish","type":"product","link":"https:\/\/mq4-pro.ma\/index.php\/produit\/canva-pro\/","title":{"rendered":"Canva Pro"},"content":{"rendered":"<div dir=\"auto\">Canva Pro est un outil de design graphique en ligne accessible \u00e0 tous, sans besoin de comp\u00e9tences en graphisme.<\/div>\n<div dir=\"auto\">Cr\u00e9ez facilement des pr\u00e9sentations, logos, affiches, publications pour r\u00e9seaux sociaux, CV, cartes de visite, etc.<\/div>\n<div dir=\"auto\">Avec la version Pro, b\u00e9n\u00e9ficiez d\u2019un acc\u00e8s \u00e0 des millions d\u2019\u00e9l\u00e9ments premium : photos, vid\u00e9os, ic\u00f4nes, mod\u00e8les, etc.<\/div>\n<div dir=\"auto\">Utilisez l\u2019outil de redimensionnement magique, la suppression de fond automatique, et planifiez vos publications sociales.<\/div>\n<div dir=\"auto\">Travaillez en \u00e9quipe gr\u00e2ce \u00e0 la collaboration en temps r\u00e9el et au partage de dossiers.<\/div>\n<div dir=\"auto\">Canva est disponible sur PC, tablette et smartphone.<\/div>\n<div dir=\"auto\">Un outil indispensable pour les freelances, entreprises, \u00e9tudiants et cr\u00e9ateurs de contenu.<\/div>\n<div dir=\"auto\"><\/div>\n","protected":false},"excerpt":{"rendered":"<p>Canva Pro est un outil de design graphique en ligne accessible \u00e0 tous, sans besoin de comp\u00e9tences en graphisme. Cr\u00e9ez facilement des pr\u00e9sentations, logos, affiches, publications pour r\u00e9seaux sociaux, CV, cartes de visite, etc. Avec la version Pro, b\u00e9n\u00e9ficiez d\u2019un acc\u00e8s \u00e0 des millions d\u2019\u00e9l\u00e9ments premium : photos, vid\u00e9os, ic\u00f4nes, mod\u00e8les, etc. Utilisez l\u2019outil de [&hellip;]<\/p>\n","protected":false},"featured_media":178,"template":"","meta":{"saved_in_kubio":false},"product_brand":[],"product_cat":[15],"product_tag":[],"class_list":{"0":"post-177","1":"product","2":"type-product","3":"status-publish","4":"has-post-thumbnail","6":"product_cat-non-classe","8":"first","9":"instock","10":"shipping-taxable","11":"purchasable","12":"product-type-simple"},"_links":{"self":[{"href":"https:\/\/mq4-pro.ma\/index.php\/wp-json\/wp\/v2\/product\/177","targetHints":{"allow":["GET"]}}],"collection":[{"href":"https:\/\/mq4-pro.ma\/index.php\/wp-json\/wp\/v2\/product"}],"about":[{"href":"https:\/\/mq4-pro.ma\/index.php\/wp-json\/wp\/v2\/types\/product"}],"wp:featuredmedia":[{"embeddable":true,"href":"https:\/\/mq4-pro.ma\/index.php\/wp-json\/wp\/v2\/media\/178"}],"wp:attachment":[{"href":"https:\/\/mq4-pro.ma\/index.php\/wp-json\/wp\/v2\/media?parent=177"}],"wp:term":[{"taxonomy":"product_brand","embeddable":true,"href":"https:\/\/mq4-pro.ma\/index.php\/wp-json\/wp\/v2\/product_brand?post=177"},{"taxonomy":"product_cat","embeddable":true,"href":"https:\/\/mq4-pro.ma\/index.php\/wp-json\/wp\/v2\/product_cat?post=177"},{"taxonomy":"product_tag","embeddable":true,"href":"https:\/\/mq4-pro.ma\/index.php\/wp-json\/wp\/v2\/product_tag?post=177"}],"curies":[{"name":"wp","href":"https:\/\/api.w.org\/{rel}","templated":true}]}}