{"id":179,"date":"2025-04-09T01:05:11","date_gmt":"2025-04-08T23:05:11","guid":{"rendered":"http:\/\/mq4-pro.ma\/?post_type=product&#038;p=179"},"modified":"2025-04-09T01:16:15","modified_gmt":"2025-04-08T23:16:15","slug":"playstation-plus","status":"publish","type":"product","link":"https:\/\/mq4-pro.ma\/index.php\/produit\/playstation-plus\/","title":{"rendered":"PlayStation Plus"},"content":{"rendered":"<div dir=\"auto\">PlayStation Plus est l\u2019abonnement officiel de Sony pour profiter pleinement de votre console PlayStation.<\/div>\n<div dir=\"auto\">Acc\u00e9dez au mode multijoueur en ligne pour affronter ou coop\u00e9rer avec des joueurs du monde entier.<\/div>\n<div dir=\"auto\">Recevez chaque mois une s\u00e9lection de jeux gratuits \u00e0 t\u00e9l\u00e9charger et \u00e0 conserver tant que vous \u00eates abonn\u00e9.<\/div>\n<div dir=\"auto\">Profitez aussi de r\u00e9ductions exclusives sur le PlayStation Store et d\u2019un stockage cloud pour vos sauvegardes.<\/div>\n<div dir=\"auto\">Trois formules sont disponibles (Essential, Extra, Premium) pour s\u2019adapter \u00e0 votre style de jeu.<\/div>\n<div dir=\"auto\">Un must-have pour tous les gamers sur PS4 ou PS5.<\/div>\n<div dir=\"auto\"><\/div>\n","protected":false},"excerpt":{"rendered":"<p>PlayStation Plus est l\u2019abonnement officiel de Sony pour profiter pleinement de votre console PlayStation. Acc\u00e9dez au mode multijoueur en ligne pour affronter ou coop\u00e9rer avec des joueurs du monde entier. Recevez chaque mois une s\u00e9lection de jeux gratuits \u00e0 t\u00e9l\u00e9charger et \u00e0 conserver tant que vous \u00eates abonn\u00e9. Profitez aussi de r\u00e9ductions exclusives sur le [&hellip;]<\/p>\n","protected":false},"featured_media":180,"template":"","meta":{"saved_in_kubio":false},"product_brand":[],"product_cat":[15],"product_tag":[],"class_list":{"0":"post-179","1":"product","2":"type-product","3":"status-publish","4":"has-post-thumbnail","6":"product_cat-non-classe","8":"first","9":"instock","10":"shipping-taxable","11":"purchasable","12":"product-type-simple"},"_links":{"self":[{"href":"https:\/\/mq4-pro.ma\/index.php\/wp-json\/wp\/v2\/product\/179","targetHints":{"allow":["GET"]}}],"collection":[{"href":"https:\/\/mq4-pro.ma\/index.php\/wp-json\/wp\/v2\/product"}],"about":[{"href":"https:\/\/mq4-pro.ma\/index.php\/wp-json\/wp\/v2\/types\/product"}],"wp:featuredmedia":[{"embeddable":true,"href":"https:\/\/mq4-pro.ma\/index.php\/wp-json\/wp\/v2\/media\/180"}],"wp:attachment":[{"href":"https:\/\/mq4-pro.ma\/index.php\/wp-json\/wp\/v2\/media?parent=179"}],"wp:term":[{"taxonomy":"product_brand","embeddable":true,"href":"https:\/\/mq4-pro.ma\/index.php\/wp-json\/wp\/v2\/product_brand?post=179"},{"taxonomy":"product_cat","embeddable":true,"href":"https:\/\/mq4-pro.ma\/index.php\/wp-json\/wp\/v2\/product_cat?post=179"},{"taxonomy":"product_tag","embeddable":true,"href":"https:\/\/mq4-pro.ma\/index.php\/wp-json\/wp\/v2\/product_tag?post=179"}],"curies":[{"name":"wp","href":"https:\/\/api.w.org\/{rel}","templated":true}]}}