{"id":181,"date":"2025-04-09T01:05:59","date_gmt":"2025-04-08T23:05:59","guid":{"rendered":"http:\/\/mq4-pro.ma\/?post_type=product&#038;p=181"},"modified":"2025-04-09T01:16:29","modified_gmt":"2025-04-08T23:16:29","slug":"google-drive-stockage-supplementaire","status":"publish","type":"product","link":"https:\/\/mq4-pro.ma\/index.php\/produit\/google-drive-stockage-supplementaire\/","title":{"rendered":"Google Drive (Stockage Suppl\u00e9mentaire)"},"content":{"rendered":"<div dir=\"auto\">Google Drive est un service de stockage en ligne qui vous permet de sauvegarder, partager et acc\u00e9der \u00e0 vos fichiers depuis n\u2019importe quel appareil.<\/div>\n<div dir=\"auto\">Avec un abonnement payant, vous augmentez votre espace au-del\u00e0 des 15 Go gratuits de base.<\/div>\n<div dir=\"auto\">Id\u00e9al pour les photos, vid\u00e9os, documents, et projets partag\u00e9s.<\/div>\n<div dir=\"auto\">Organisez facilement vos fichiers et synchronisez-les avec votre ordinateur.<\/div>\n<div dir=\"auto\">Google Drive s\u2019int\u00e8gre parfaitement avec Google Docs, Sheets, Slides et Gmail.<\/div>\n<div dir=\"auto\">Vos donn\u00e9es sont s\u00e9curis\u00e9es et accessibles partout, m\u00eame hors connexion.<\/div>\n<div dir=\"auto\"><\/div>\n","protected":false},"excerpt":{"rendered":"<p>Google Drive est un service de stockage en ligne qui vous permet de sauvegarder, partager et acc\u00e9der \u00e0 vos fichiers depuis n\u2019importe quel appareil. Avec un abonnement payant, vous augmentez votre espace au-del\u00e0 des 15 Go gratuits de base. Id\u00e9al pour les photos, vid\u00e9os, documents, et projets partag\u00e9s. Organisez facilement vos fichiers et synchronisez-les avec [&hellip;]<\/p>\n","protected":false},"featured_media":182,"template":"","meta":{"saved_in_kubio":false},"product_brand":[],"product_cat":[15],"product_tag":[],"class_list":{"0":"post-181","1":"product","2":"type-product","3":"status-publish","4":"has-post-thumbnail","6":"product_cat-non-classe","8":"first","9":"instock","10":"shipping-taxable","11":"purchasable","12":"product-type-simple"},"_links":{"self":[{"href":"https:\/\/mq4-pro.ma\/index.php\/wp-json\/wp\/v2\/product\/181","targetHints":{"allow":["GET"]}}],"collection":[{"href":"https:\/\/mq4-pro.ma\/index.php\/wp-json\/wp\/v2\/product"}],"about":[{"href":"https:\/\/mq4-pro.ma\/index.php\/wp-json\/wp\/v2\/types\/product"}],"wp:featuredmedia":[{"embeddable":true,"href":"https:\/\/mq4-pro.ma\/index.php\/wp-json\/wp\/v2\/media\/182"}],"wp:attachment":[{"href":"https:\/\/mq4-pro.ma\/index.php\/wp-json\/wp\/v2\/media?parent=181"}],"wp:term":[{"taxonomy":"product_brand","embeddable":true,"href":"https:\/\/mq4-pro.ma\/index.php\/wp-json\/wp\/v2\/product_brand?post=181"},{"taxonomy":"product_cat","embeddable":true,"href":"https:\/\/mq4-pro.ma\/index.php\/wp-json\/wp\/v2\/product_cat?post=181"},{"taxonomy":"product_tag","embeddable":true,"href":"https:\/\/mq4-pro.ma\/index.php\/wp-json\/wp\/v2\/product_tag?post=181"}],"curies":[{"name":"wp","href":"https:\/\/api.w.org\/{rel}","templated":true}]}}