{"id":183,"date":"2025-04-09T01:06:53","date_gmt":"2025-04-08T23:06:53","guid":{"rendered":"http:\/\/mq4-pro.ma\/?post_type=product&#038;p=183"},"modified":"2025-04-09T01:13:57","modified_gmt":"2025-04-08T23:13:57","slug":"chatgpt-plus","status":"publish","type":"product","link":"https:\/\/mq4-pro.ma\/index.php\/produit\/chatgpt-plus\/","title":{"rendered":"ChatGPT Plus"},"content":{"rendered":"<div dir=\"auto\">ChatGPT Plus est l\u2019abonnement premium pour acc\u00e9der \u00e0 une version plus performante de ChatGPT.<\/div>\n<div dir=\"auto\">Profitez de r\u00e9ponses plus rapides, d\u2019un acc\u00e8s prioritaire m\u00eame en cas d\u2019affluence et de performances am\u00e9lior\u00e9es gr\u00e2ce au mod\u00e8le GPT-4.<\/div>\n<div dir=\"auto\">Posez des questions, g\u00e9n\u00e9rez du contenu, codez, traduisez, et bien plus encore.<\/div>\n<div dir=\"auto\">Un outil polyvalent pour les \u00e9tudiants, d\u00e9veloppeurs, marketeurs, professionnels et curieux.<\/div>\n<div dir=\"auto\">Disponible sur le web et mobile, 24h\/24, 7j\/7.<\/div>\n<div dir=\"auto\">ChatGPT Plus, c\u2019est l\u2019intelligence artificielle au service de votre quotidien.<\/div>\n<div class=\"yj6qo\"><\/div>\n<div class=\"adL\" dir=\"auto\"><\/div>\n","protected":false},"excerpt":{"rendered":"<p>ChatGPT Plus est l\u2019abonnement premium pour acc\u00e9der \u00e0 une version plus performante de ChatGPT. Profitez de r\u00e9ponses plus rapides, d\u2019un acc\u00e8s prioritaire m\u00eame en cas d\u2019affluence et de performances am\u00e9lior\u00e9es gr\u00e2ce au mod\u00e8le GPT-4. Posez des questions, g\u00e9n\u00e9rez du contenu, codez, traduisez, et bien plus encore. Un outil polyvalent pour les \u00e9tudiants, d\u00e9veloppeurs, marketeurs, professionnels [&hellip;]<\/p>\n","protected":false},"featured_media":184,"template":"","meta":{"saved_in_kubio":false},"product_brand":[],"product_cat":[15],"product_tag":[],"class_list":{"0":"post-183","1":"product","2":"type-product","3":"status-publish","4":"has-post-thumbnail","6":"product_cat-non-classe","8":"first","9":"instock","10":"shipping-taxable","11":"purchasable","12":"product-type-simple"},"_links":{"self":[{"href":"https:\/\/mq4-pro.ma\/index.php\/wp-json\/wp\/v2\/product\/183","targetHints":{"allow":["GET"]}}],"collection":[{"href":"https:\/\/mq4-pro.ma\/index.php\/wp-json\/wp\/v2\/product"}],"about":[{"href":"https:\/\/mq4-pro.ma\/index.php\/wp-json\/wp\/v2\/types\/product"}],"wp:featuredmedia":[{"embeddable":true,"href":"https:\/\/mq4-pro.ma\/index.php\/wp-json\/wp\/v2\/media\/184"}],"wp:attachment":[{"href":"https:\/\/mq4-pro.ma\/index.php\/wp-json\/wp\/v2\/media?parent=183"}],"wp:term":[{"taxonomy":"product_brand","embeddable":true,"href":"https:\/\/mq4-pro.ma\/index.php\/wp-json\/wp\/v2\/product_brand?post=183"},{"taxonomy":"product_cat","embeddable":true,"href":"https:\/\/mq4-pro.ma\/index.php\/wp-json\/wp\/v2\/product_cat?post=183"},{"taxonomy":"product_tag","embeddable":true,"href":"https:\/\/mq4-pro.ma\/index.php\/wp-json\/wp\/v2\/product_tag?post=183"}],"curies":[{"name":"wp","href":"https:\/\/api.w.org\/{rel}","templated":true}]}}