{"id":73,"date":"2025-04-07T15:48:53","date_gmt":"2025-04-07T13:48:53","guid":{"rendered":"http:\/\/mq4-pro.ma\/?post_type=product&#038;p=73"},"modified":"2025-04-09T00:53:29","modified_gmt":"2025-04-08T22:53:29","slug":"iptv-serveur-top-4k-netflix-aussi","status":"publish","type":"product","link":"https:\/\/mq4-pro.ma\/index.php\/produit\/iptv-serveur-top-4k-netflix-aussi\/","title":{"rendered":"Spotify Premium"},"content":{"rendered":"<div dir=\"auto\">Spotify Premium est un service de streaming musical sans publicit\u00e9 qui vous permet d\u2019\u00e9couter des millions de titres en ligne ou hors connexion. Que vous soyez fan de pop, de rap, de jazz ou de podcasts, vous trouverez tout ce qu\u2019il vous faut.<\/div>\n<div dir=\"auto\">Avec Premium, vous b\u00e9n\u00e9ficiez d&rsquo;une qualit\u00e9 audio sup\u00e9rieure, d\u2019un mode hors connexion pour vos playlists pr\u00e9f\u00e9r\u00e9es, et de la possibilit\u00e9 de passer les morceaux sans limites.<\/div>\n<div dir=\"auto\">Cr\u00e9ez vos propres playlists, suivez vos artistes favoris et d\u00e9couvrez de nouvelles musiques gr\u00e2ce \u00e0 des recommandations personnalis\u00e9es.<\/div>\n<div dir=\"auto\">Disponible sur smartphone, tablette, PC, console et m\u00eame en voiture. Spotify Premium est l\u2019exp\u00e9rience ultime pour tous les m\u00e9lomanes.<\/div>\n<div dir=\"auto\"><\/div>\n","protected":false},"excerpt":{"rendered":"<p>Spotify Premium est un service de streaming musical sans publicit\u00e9 qui vous permet d\u2019\u00e9couter des millions de titres en ligne ou hors connexion. Que vous soyez fan de pop, de rap, de jazz ou de podcasts, vous trouverez tout ce qu\u2019il vous faut. Avec Premium, vous b\u00e9n\u00e9ficiez d&rsquo;une qualit\u00e9 audio sup\u00e9rieure, d\u2019un mode hors connexion [&hellip;]<\/p>\n","protected":false},"featured_media":158,"template":"","meta":{"saved_in_kubio":false},"product_brand":[],"product_cat":[15],"product_tag":[],"class_list":{"0":"post-73","1":"product","2":"type-product","3":"status-publish","4":"has-post-thumbnail","6":"product_cat-non-classe","8":"first","9":"instock","10":"sale","11":"shipping-taxable","12":"purchasable","13":"product-type-simple"},"_links":{"self":[{"href":"https:\/\/mq4-pro.ma\/index.php\/wp-json\/wp\/v2\/product\/73","targetHints":{"allow":["GET"]}}],"collection":[{"href":"https:\/\/mq4-pro.ma\/index.php\/wp-json\/wp\/v2\/product"}],"about":[{"href":"https:\/\/mq4-pro.ma\/index.php\/wp-json\/wp\/v2\/types\/product"}],"wp:featuredmedia":[{"embeddable":true,"href":"https:\/\/mq4-pro.ma\/index.php\/wp-json\/wp\/v2\/media\/158"}],"wp:attachment":[{"href":"https:\/\/mq4-pro.ma\/index.php\/wp-json\/wp\/v2\/media?parent=73"}],"wp:term":[{"taxonomy":"product_brand","embeddable":true,"href":"https:\/\/mq4-pro.ma\/index.php\/wp-json\/wp\/v2\/product_brand?post=73"},{"taxonomy":"product_cat","embeddable":true,"href":"https:\/\/mq4-pro.ma\/index.php\/wp-json\/wp\/v2\/product_cat?post=73"},{"taxonomy":"product_tag","embeddable":true,"href":"https:\/\/mq4-pro.ma\/index.php\/wp-json\/wp\/v2\/product_tag?post=73"}],"curies":[{"name":"wp","href":"https:\/\/api.w.org\/{rel}","templated":true}]}}